{"id":415,"date":"2022-02-17T12:05:52","date_gmt":"2022-02-17T11:05:52","guid":{"rendered":"https:\/\/betola.de\/wandererbill\/?page_id=415"},"modified":"2022-02-17T12:48:56","modified_gmt":"2022-02-17T11:48:56","slug":"grenzland","status":"publish","type":"page","link":"https:\/\/betola.de\/wandererbill\/grenzland\/","title":{"rendered":"Grenzland"},"content":{"rendered":"\n<p>Das Grenzland ist eine Discord-Instanz, die seit 2015 existiert. Urspr\u00fcnglich virtuelle Heimat der an Wanderer Bills Wohnzimmertisch im Hamburger Westen gespielten <a rel=\"noreferrer noopener\" href=\"https:\/\/betola.de\/wandererbill\/deutsch\/die-grenzlandkampagne\/\" target=\"_blank\">Grenzland-Kampagne<\/a>, wurden hier schon diverse andere Spiele geplant, gespielt und kommentiert. Das Grenzland ist inzwischen offen f\u00fcr alle Interessierten, die andere Rollenspieler:innen oder eine neue Rollenspielergruppe suchen, oder einfach nur Lust haben online \u00fcber Rollenspiele, Science Fantasy und \u00c4hnliches zu quatschen.<\/p>\n\n\n\n<p>Unter den Bedingungen der Pandemie werden im Moment praktisch alle Spiele online gespielt. Daher spielt es auch keine Rolle wo sich die Grenzl\u00e4nder im echten Leben befinden, ob in Hamburg oder sonstwo auf der Welt. Und so ist das Grenzland auch lose assoziiert mit der Gruppe <a rel=\"noreferrer noopener\" href=\"https:\/\/campaignwiki.org\/wiki\/MontagInZ%c3%bcrich\/HomePage\" target=\"_blank\">MontagInZ\u00fcrich<\/a>.<\/p>\n\n\n\n<p>Die Regeln im Grenzland sind einfach: seid nett zueinander, hei\u00dft neue Grenzl\u00e4nder willkommen, und generell: <em>don&#8217;t piss in the beer!<\/em><\/p>\n\n\n\n<p>Der #sabbel-kanal ist der Ort um Hallo zu sagen, und sich \u00fcber allgemeine Themen auszutauschen.<\/p>\n\n\n\n<p>Auf #next-games k\u00f6nnt ihr sehen, was aktuell an Spielrunden angeboten wird, oder eigene Spiele anbieten.<\/p>\n\n\n\n<p>Alle Grenzl\u00e4nder sind herzlich eingeladen, ihre Freunde mitzubringen, und andere Leute einzuladen. Mitglieder der @DMs Gruppe k\u00f6nnen Kan\u00e4le und Gruppen verwalten. Wenn Du einen neuen Kanal, oder gleich eine neue Kategorie f\u00fcr Deine Kampagne anlegen willst, oder selbst in die @DMs Gruppe aufgenommen werden willst, dann frag einfach eine:n der @DMs \ud83d\ude09<\/p>\n\n\n\n<p>Wichtig ist noch: Es handelt sich um einen \u00f6ffentlichen Discord-Server mit sehr liberalen Zugangsbeschr\u00e4nkungen. Bitte daher in den \u00f6ffentlichen Kan\u00e4len keine pers\u00f6nlichen Kontaktdaten (Telefonnummern, Email-Adressen, Hausanschriften oder \u00e4hnliches) posten. <\/p>\n\n\n\n<p>Also nur zu, <a href=\"https:\/\/discord.gg\/PqH7xaK\" target=\"_blank\" rel=\"noreferrer noopener\">herzlich willkommen im Grenzland!<\/a> <\/p>\n\n\n\n<p><\/p>\n","protected":false},"excerpt":{"rendered":"<p>Das Grenzland ist eine Discord-Instanz, die seit 2015 existiert. Urspr\u00fcnglich virtuelle Heimat der an Wanderer Bills Wohnzimmertisch im Hamburger Westen gespielten Grenzland-Kampagne, wurden hier schon diverse andere Spiele geplant, gespielt und kommentiert. Das Grenzland ist inzwischen offen f\u00fcr alle Interessierten, die andere Rollenspieler:innen oder eine neue Rollenspielergruppe suchen, oder einfach nur Lust haben online \u00fcber &hellip; <\/p>\n<p class=\"link-more\"><a href=\"https:\/\/betola.de\/wandererbill\/grenzland\/\" class=\"more-link\">Continue reading<span class=\"screen-reader-text\"> &#8220;Grenzland&#8221;<\/span><\/a><\/p>\n","protected":false},"author":1,"featured_media":0,"parent":0,"menu_order":0,"comment_status":"closed","ping_status":"closed","template":"","meta":[],"_links":{"self":[{"href":"https:\/\/betola.de\/wandererbill\/wp-json\/wp\/v2\/pages\/415"}],"collection":[{"href":"https:\/\/betola.de\/wandererbill\/wp-json\/wp\/v2\/pages"}],"about":[{"href":"https:\/\/betola.de\/wandererbill\/wp-json\/wp\/v2\/types\/page"}],"author":[{"embeddable":true,"href":"https:\/\/betola.de\/wandererbill\/wp-json\/wp\/v2\/users\/1"}],"replies":[{"embeddable":true,"href":"https:\/\/betola.de\/wandererbill\/wp-json\/wp\/v2\/comments?post=415"}],"version-history":[{"count":5,"href":"https:\/\/betola.de\/wandererbill\/wp-json\/wp\/v2\/pages\/415\/revisions"}],"predecessor-version":[{"id":422,"href":"https:\/\/betola.de\/wandererbill\/wp-json\/wp\/v2\/pages\/415\/revisions\/422"}],"wp:attachment":[{"href":"https:\/\/betola.de\/wandererbill\/wp-json\/wp\/v2\/media?parent=415"}],"curies":[{"name":"wp","href":"https:\/\/api.w.org\/{rel}","templated":true}]}}